{"id":16,"date":"2025-01-23T11:16:08","date_gmt":"2025-01-23T11:16:08","guid":{"rendered":"https:\/\/lena.zeus.umh.es\/?page_id=16"},"modified":"2026-01-20T17:00:42","modified_gmt":"2026-01-20T16:00:42","slug":"home","status":"publish","type":"page","link":"https:\/\/lena.umh.es\/ca\/","title":{"rendered":"e"},"content":{"rendered":"<p>[et_pb_section fb_built=&#8221;1&#8243; admin_label=&#8221;Secci\u00f3n 1&#8243; _builder_version=&#8221;4.17.4&#8243; _module_preset=&#8221;default&#8221; global_colors_info=&#8221;{}&#8221;][et_pb_row column_structure=&#8221;2_5,3_5&#8243; admin_label=&#8221;Fila&#8221; _builder_version=&#8221;4.17.4&#8243; _module_preset=&#8221;default&#8221; global_colors_info=&#8221;{}&#8221;][et_pb_column type=&#8221;2_5&#8243; _builder_version=&#8221;4.17.4&#8243; _module_preset=&#8221;default&#8221; global_colors_info=&#8221;{}&#8221;][et_pb_image src=&#8221;https:\/\/lena.umh.es\/files\/2025\/10\/LENA_rose_1600.png&#8221; title_text=&#8221;LENA_rose_1600&#8243; _builder_version=&#8221;4.17.4&#8243; _module_preset=&#8221;default&#8221; global_colors_info=&#8221;{}&#8221;][\/et_pb_image][\/et_pb_column][et_pb_column type=&#8221;3_5&#8243; _builder_version=&#8221;4.17.4&#8243; _module_preset=&#8221;default&#8221; global_colors_info=&#8221;{}&#8221;][et_pb_text _builder_version=&#8221;4.17.4&#8243; _module_preset=&#8221;default&#8221; global_colors_info=&#8221;{}&#8221;]<\/p>\n<h1>Proyecto LENA:<\/h1>\n<h1><strong>\u201cInvestigaci\u00f3n sobre sesgos de g\u00e9nero en la generaci\u00f3n\u00a0\u00a0<\/strong><strong>de im\u00e1genes por Inteligencia Artificial\u201d<\/strong><\/h1>\n<ul>\n<li class=\"p1\">Referencia:\u00a0<strong>19-3-ID24<\/strong><\/li>\n<li class=\"p1\">Convocante\/Financiador:\u00a0<strong>INSTITUTO DE LAS MUJERES<\/strong><\/li>\n<li class=\"p1\">Convocatoria:\u00a0<strong>14\/05\/2024 \u2013 Investigaciones Feministas, de G\u00e9nero y sobre Mujeres \u2013 Instituto de las Mujeres 2024<\/strong><\/li>\n<\/ul>\n<p>[\/et_pb_text][\/et_pb_column][\/et_pb_row][et_pb_row column_structure=&#8221;1_4,1_4,1_4,1_4&#8243; admin_label=&#8221;Botones a paginas&#8221; _builder_version=&#8221;4.17.4&#8243; _module_preset=&#8221;default&#8221; global_colors_info=&#8221;{}&#8221;][et_pb_column type=&#8221;1_4&#8243; _builder_version=&#8221;4.17.4&#8243; _module_preset=&#8221;default&#8221; global_colors_info=&#8221;{}&#8221;][et_pb_button button_url=&#8221;https:\/\/lena.umh.es\/presentacion\/&#8221; button_text=&#8221;Presentaci\u00f3n&#8221; button_alignment=&#8221;center&#8221; admin_label=&#8221;Bot\u00f3n Presentacion&#8221; _builder_version=&#8221;4.17.4&#8243; _module_preset=&#8221;default&#8221; global_colors_info=&#8221;{}&#8221;][\/et_pb_button][\/et_pb_column][et_pb_column type=&#8221;1_4&#8243; _builder_version=&#8221;4.17.4&#8243; _module_preset=&#8221;default&#8221; global_colors_info=&#8221;{}&#8221;][et_pb_button button_url=&#8221;https:\/\/lena.umh.es\/novedades\/&#8221; button_text=&#8221;Novedades&#8221; button_alignment=&#8221;center&#8221; admin_label=&#8221;Bot\u00f3n Novedades&#8221; _builder_version=&#8221;4.17.4&#8243; _module_preset=&#8221;default&#8221; global_colors_info=&#8221;{}&#8221;][\/et_pb_button][\/et_pb_column][et_pb_column type=&#8221;1_4&#8243; _builder_version=&#8221;4.17.4&#8243; _module_preset=&#8221;default&#8221; global_colors_info=&#8221;{}&#8221;][et_pb_button button_url=&#8221;https:\/\/lena.umh.es\/resultados\/&#8221; button_text=&#8221;Resultados&#8221; button_alignment=&#8221;center&#8221; admin_label=&#8221;Bot\u00f3n Resultados&#8221; _builder_version=&#8221;4.17.4&#8243; _module_preset=&#8221;default&#8221; global_colors_info=&#8221;{}&#8221;][\/et_pb_button][\/et_pb_column][et_pb_column type=&#8221;1_4&#8243; _builder_version=&#8221;4.17.4&#8243; _module_preset=&#8221;default&#8221; global_colors_info=&#8221;{}&#8221;][et_pb_button button_url=&#8221;https:\/\/lena.umh.es\/publicaciones\/&#8221; button_text=&#8221;Publicaciones&#8221; button_alignment=&#8221;center&#8221; admin_label=&#8221;Bot\u00f3n Publicaciones&#8221; _builder_version=&#8221;4.17.4&#8243; _module_preset=&#8221;default&#8221; global_colors_info=&#8221;{}&#8221;][\/et_pb_button][\/et_pb_column][\/et_pb_row][et_pb_row column_structure=&#8221;1_2,1_2&#8243; _builder_version=&#8221;4.17.4&#8243; _module_preset=&#8221;default&#8221; global_colors_info=&#8221;{}&#8221;][et_pb_column type=&#8221;1_2&#8243; _builder_version=&#8221;4.17.4&#8243; _module_preset=&#8221;default&#8221; global_colors_info=&#8221;{}&#8221;][et_pb_image src=&#8221;https:\/\/lena.umh.es\/files\/2026\/01\/banner_accion_ROSARIO.png&#8221; title_text=&#8221;banner_accion_ROSARIO&#8221; url=&#8221;https:\/\/iagenerativa.umh.es\/equidad\/&#8221; _builder_version=&#8221;4.17.4&#8243; _module_preset=&#8221;default&#8221; background_color=&#8221;#88C4DD&#8221; global_colors_info=&#8221;{}&#8221;][\/et_pb_image][\/et_pb_column][et_pb_column type=&#8221;1_2&#8243; _builder_version=&#8221;4.17.4&#8243; _module_preset=&#8221;default&#8221; global_colors_info=&#8221;{}&#8221;][et_pb_text _builder_version=&#8221;4.17.4&#8243; _module_preset=&#8221;default&#8221; global_colors_info=&#8221;{}&#8221;]<\/p>\n<h2><strong>Acciones formativas sobre IA generativa y sesgo de g\u00e9nero<\/strong><\/h2>\n<h4><strong>Contenido del curso:<\/strong><\/h4>\n<p>\u2022 Qu\u00e9 es la IA generativa y c\u00f3mo funciona: modelos de lenguaje e imagen.<br \/>\u2022 Principales herramientas de texto e imagen: ChatGPT, Gemini, Grok y Nanobanana<br \/>\u2022 Usos acad\u00e9micos y creativos de la IAG: redacci\u00f3n, s\u00edntesis, ilustraci\u00f3n, dise\u00f1o y presentaci\u00f3n.<br \/>\u2022 Aspectos \u00e9ticos: autor\u00eda, privacidad, derechos de imagen y propiedad intelectual.<br \/>\u2022 Perspectiva de g\u00e9nero: c\u00f3mo los modelos visuales y ling\u00fc\u00edsticos reproducen estereotipos.<br \/>\u2022 Taller pr\u00e1ctico: creaci\u00f3n de texto e imagen a partir de prompts inclusivos.<\/p>\n<p>[\/et_pb_text][\/et_pb_column][\/et_pb_row][et_pb_row _builder_version=&#8221;4.17.4&#8243; _module_preset=&#8221;default&#8221; global_colors_info=&#8221;{}&#8221;][et_pb_column type=&#8221;4_4&#8243; _builder_version=&#8221;4.17.4&#8243; _module_preset=&#8221;default&#8221; global_colors_info=&#8221;{}&#8221;][et_pb_cta title=&#8221;\u00bfPor qu\u00e9 el nombre de LENA para este proyecto?&#8221; button_url=&#8221;https:\/\/lena.umh.es\/porque_nombre_lena\/&#8221; button_text=&#8221;M\u00e1s info&#8221; admin_label=&#8221;Llamada a la acci\u00f3nn PORQUE NOMBRE LENA&#8221; _builder_version=&#8221;4.17.4&#8243; _module_preset=&#8221;default&#8221; link_option_url=&#8221;https:\/\/lena.umh.es\/porque_nombre_lena\/&#8221; global_colors_info=&#8221;{}&#8221;]<\/p>\n<p>Se trata deun homenaje cr\u00edtico y transformador a Lena Fors\u00e9n, cuya imagen se ha convertido en un s\u00edmbolo ic\u00f3nico \u2014y altamente controvertido\u2014 dentro de la historia del procesamiento digital de im\u00e1genes.<\/p>\n<p>[\/et_pb_cta][et_pb_cta title=&#8221;Repositorio Lexica.art&#8221; button_url=&#8221;https:\/\/lena.umh.es\/repositorio-lexicart\/&#8221; button_text=&#8221;M\u00e1s info&#8221; admin_label=&#8221;Llamada a la acci\u00f3n REPOSITORIO LEXICART&#8221; _builder_version=&#8221;4.17.4&#8243; _module_preset=&#8221;default&#8221; background_color=&#8221;#C57D88&#8243; link_option_url=&#8221;https:\/\/lena.umh.es\/repositorio-lexicart\/&#8221; global_colors_info=&#8221;{}&#8221;]<\/p>\n<p>Desde el enfoque del proyecto LENA, Lexica.art resulta particularmente relevante porque permite observar de manera directa c\u00f3mo <em>prompts<\/em> simples, gen\u00e9ricos o aparentemente neutros producen resultados visuales fuertemente sesgados desde el punto de vista del g\u00e9nero<\/p>\n<p>[\/et_pb_cta][\/et_pb_column][\/et_pb_row][\/et_pb_section][et_pb_section fb_built=&#8221;1&#8243; admin_label=&#8221;ENTRADAS CONGRESOS&#8221; _builder_version=&#8221;4.17.4&#8243; _module_preset=&#8221;default&#8221; global_colors_info=&#8221;{}&#8221;][et_pb_row _builder_version=&#8221;4.17.4&#8243; _module_preset=&#8221;default&#8221; global_colors_info=&#8221;{}&#8221;][et_pb_column type=&#8221;4_4&#8243; _builder_version=&#8221;4.17.4&#8243; _module_preset=&#8221;default&#8221; global_colors_info=&#8221;{}&#8221;][et_pb_post_slider include_categories=&#8221;77&#8243; excerpt_length=&#8221;100&#8243; show_image=&#8221;off&#8221; _builder_version=&#8221;4.17.4&#8243; _module_preset=&#8221;default&#8221; background_color=&#8221;#f9d5cc&#8221; border_width_all=&#8221;2px&#8221; global_colors_info=&#8221;{}&#8221;][\/et_pb_post_slider][\/et_pb_column][\/et_pb_row][\/et_pb_section]<\/p>\n","protected":false},"excerpt":{"rendered":"<p>Proyecto LENA: \u201cInvestigaci\u00f3n sobre sesgos de g\u00e9nero en la generaci\u00f3n\u00a0\u00a0de im\u00e1genes por Inteligencia Artificial\u201d Referencia:\u00a019-3-ID24 Convocante\/Financiador:\u00a0INSTITUTO DE LAS MUJERES Convocatoria:\u00a014\/05\/2024 \u2013 Investigaciones Feministas, de G\u00e9nero y sobre Mujeres \u2013 Instituto de las Mujeres 2024 Acciones formativas sobre IA generativa y sesgo de g\u00e9nero Contenido del curso: \u2022 Qu\u00e9 es la IA generativa y c\u00f3mo funciona: [&hellip;]<\/p>\n","protected":false},"author":90,"featured_media":0,"parent":0,"menu_order":0,"comment_status":"closed","ping_status":"closed","template":"","meta":{"_et_pb_use_builder":"on","_et_pb_old_content":"","_et_gb_content_width":"","_links_to":"","_links_to_target":""},"_links":{"self":[{"href":"https:\/\/lena.umh.es\/ca\/wp-json\/wp\/v2\/pages\/16"}],"collection":[{"href":"https:\/\/lena.umh.es\/ca\/wp-json\/wp\/v2\/pages"}],"about":[{"href":"https:\/\/lena.umh.es\/ca\/wp-json\/wp\/v2\/types\/page"}],"author":[{"embeddable":true,"href":"https:\/\/lena.umh.es\/ca\/wp-json\/wp\/v2\/users\/90"}],"replies":[{"embeddable":true,"href":"https:\/\/lena.umh.es\/ca\/wp-json\/wp\/v2\/comments?post=16"}],"version-history":[{"count":0,"href":"https:\/\/lena.umh.es\/ca\/wp-json\/wp\/v2\/pages\/16\/revisions"}],"wp:attachment":[{"href":"https:\/\/lena.umh.es\/ca\/wp-json\/wp\/v2\/media?parent=16"}],"curies":[{"name":"wp","href":"https:\/\/api.w.org\/{rel}","templated":true}]}}