{"id":197,"date":"2026-01-16T12:37:24","date_gmt":"2026-01-16T11:37:24","guid":{"rendered":"https:\/\/lena.umh.es\/?page_id=197"},"modified":"2026-01-20T13:44:39","modified_gmt":"2026-01-20T12:44:39","slug":"publicaciones","status":"publish","type":"page","link":"https:\/\/lena.umh.es\/ca\/publicaciones\/","title":{"rendered":"<span lang=\"es\">(Espa\u00f1ol) Publicaciones<\/span>"},"content":{"rendered":"<p>[et_pb_section fb_built=&#8221;1&#8243; admin_label=&#8221;section&#8221; _builder_version=&#8221;4.16&#8243; global_colors_info=&#8221;{}&#8221;][et_pb_row admin_label=&#8221;row&#8221; _builder_version=&#8221;4.16&#8243; background_size=&#8221;initial&#8221; background_position=&#8221;top_left&#8221; background_repeat=&#8221;repeat&#8221; global_colors_info=&#8221;{}&#8221;][et_pb_column type=&#8221;4_4&#8243; _builder_version=&#8221;4.16&#8243; custom_padding=&#8221;|||&#8221; global_colors_info=&#8221;{}&#8221; custom_padding__hover=&#8221;|||&#8221;][et_pb_text admin_label=&#8221;TITULO&#8221; _builder_version=&#8221;4.17.4&#8243; background_size=&#8221;initial&#8221; background_position=&#8221;top_left&#8221; background_repeat=&#8221;repeat&#8221; global_colors_info=&#8221;{}&#8221;]<\/p>\n<h1><strong>Publicaciones<\/strong><\/h1>\n<p>[\/et_pb_text][et_pb_text admin_label=&#8221;Capitulos de Libro&#8221; _builder_version=&#8221;4.17.4&#8243; background_size=&#8221;initial&#8221; background_position=&#8221;top_left&#8221; background_repeat=&#8221;repeat&#8221; hover_enabled=&#8221;0&#8243; global_colors_info=&#8221;{}&#8221; sticky_enabled=&#8221;0&#8243;]<\/p>\n<h2><strong>Cap\u00edtulos de Libro<\/strong><\/h2>\n<p>En el marco del proyecto <strong>LENA<\/strong> se han generado <strong>tres publicaciones cient\u00edficas<\/strong>, todas ellas en forma de <strong>cap\u00edtulos de libro<\/strong><strong>,<\/strong> directamente alineadas con los objetivos del proyecto y centradas en el an\u00e1lisis cr\u00edtico y la mitigaci\u00f3n de los sesgos de g\u00e9nero en sistemas de inteligencia artificial generativa.<\/p>\n<p>A continuaci\u00f3n, se presenta la relaci\u00f3n de las tres publicaciones, ordenadas cronol\u00f3gicamente seg\u00fan su fecha de publicaci\u00f3n.<\/p>\n<ul>\n<li><strong>Vicente Ripoll, Mar\u00eda Asunci\u00f3n; Fern\u00e1ndez Peris, C\u00e9sar; Carrillo Murcia, Irene; Guilabert, Mercedes; Carmona Paredes, Rosario; Coves Soler, \u00c1ngela; Mart\u00ednez Rach, Miguel Onofre; Mira Solves, Jos\u00e9 Joaqu\u00edn; Soto Sanz, Victoria; Gil Hern\u00e1ndez, Eva; Garc\u00eda Torres, Daniel; Arroyo Rodr\u00edguez, Almudena; Calder\u00f3n Fern\u00e1ndez, Mar\u00eda<\/strong> (2024). <em>Feminismo y tecnolog\u00eda: Explorando los sesgos de g\u00e9nero en la IA generativa a trav\u00e9s del Proyecto LENA<\/em>. En Teresa Ar\u00e1nguez y Oana Olariu (Coords.), <em><strong>Los derechos de las mujeres en la sociedad digital<\/strong><\/em> (pp. 66\u201384). Dykinson. ISBN 978-84-1070-448-0.<\/li>\n<\/ul>\n<p>URL: <a href=\"https:\/\/www.dykinson.com\/libros\/los-derechos-de-las-mujeres-en-la-sociedad-digital\/9788410704480\/\">https:\/\/www.dykinson.com\/libros\/los-derechos-de-las-mujeres-en-la-sociedad-digital\/9788410704480\/<\/a><\/p>\n<ul>\n<li><strong>Vicente Ripoll, Mar\u00eda Asunci\u00f3n; Fern\u00e1ndez Peris, C\u00e9sar; Garc\u00eda Torres, Daniel; Carrillo Murcia, Irene; Guilabert, Mercedes; Carmona Paredes, Rosario; Coves Soler, \u00c1ngela; Mart\u00ednez Rach, Miguel Onofre; Mira Solves, Jos\u00e9 Joaqu\u00edn; Soto Sanz, Victoria; Gil Hern\u00e1ndez, Eva; Arroyo Rodr\u00edguez, Almudena; Calder\u00f3n Fern\u00e1ndez, Mar\u00eda.<\/strong> (2025). <em>Proyecto LENA: Desvelando y mitigando los sesgos de g\u00e9nero en la generaci\u00f3n de im\u00e1genes por inteligencia artificial<\/em>. En <em><strong>Investigaci\u00f3n e innovaci\u00f3n en tecnolog\u00edas digitales, educaci\u00f3n y g\u00e9nero<\/strong><\/em> (pp. 403\u2013420). ISBN 979-13-7006-135-7.<\/li>\n<\/ul>\n<p>URL: <a href=\"https:\/\/www.dykinson.com\/libros\/investigacion-e-innovacion-en-tecnologias-digitales-educacion-y-genero\/9791370061357\/\">https:\/\/www.dykinson.com\/libros\/investigacion-e-innovacion-en-tecnologias-digitales-educacion-y-genero\/9791370061357\/<\/a><\/p>\n<ul>\n<li><strong>Vicente Ripoll, Mar\u00eda Asunci\u00f3n, y Fern\u00e1ndez Peris, C\u00e9sar<\/strong> (2025). <em>Influencia del dise\u00f1o de prompts en la mitigaci\u00f3n de sesgos de g\u00e9nero en im\u00e1genes generadas por inteligencia artificial<\/em>. En Rosabel Mart\u00ednez-Roig, V\u00edctor Gonz\u00e1lez-Calatayud y Antonio Palacios-Rodr\u00edguez (Eds.), <em><strong>Aportaciones desde la transformaci\u00f3n digital hacia la investigaci\u00f3n y la innovaci\u00f3n educativas<\/strong><\/em> (pp. 146\u2013156). Octaedro. ISBN 978-84-1079-234-0.<\/li>\n<\/ul>\n<p>URL: <a href=\"https:\/\/octaedro.com\/libro\/aportaciones-desde-la-transformacion-digital-hacia-la-investigacion-y-la-innovacion-educativas\/\">https:\/\/octaedro.com\/libro\/aportaciones-desde-la-transformacion-digital-hacia-la-investigacion-y-la-innovacion-educativas\/<\/a><\/p>\n<p>[\/et_pb_text][et_pb_text admin_label=&#8221;Congresos&#8221; _builder_version=&#8221;4.17.4&#8243; background_size=&#8221;initial&#8221; background_position=&#8221;top_left&#8221; background_repeat=&#8221;repeat&#8221; hover_enabled=&#8221;0&#8243; global_colors_info=&#8221;{}&#8221; sticky_enabled=&#8221;0&#8243;]<\/p>\n<h2><b>Comunicaciones en congresos<\/b><\/h2>\n<p class=\"Prrafo\"><span lang=\"ES-TRAD\">El proyecto LENA ha sido difundido en un total de siete congresos de \u00e1mbito nacional e internacional entre 2024, a\u00f1o en el que se iniciaron los trabajos de preparaci\u00f3n del estudio, y diciembre de 2025.<\/span><\/p>\n<p class=\"Prrafo\"><span lang=\"ES-TRAD\">A continuaci\u00f3n, se presenta la relaci\u00f3n de las comunicaciones cient\u00edficas derivadas del proyecto, ordenadas cronol\u00f3gicamente seg\u00fan la fecha de celebraci\u00f3n de los congresos en los que fueron presentadas.<\/span><\/p>\n<p>&nbsp;<\/p>\n<ul>\n<li>IV Congreso Internacional Feminismo Digital (Internacional, 25 de julio de 2024): comunicaci\u00f3n oral titulada \u201c<em>Proyecto LENA: Investigaci\u00f3n sobre estereotipos de g\u00e9nero en la IA generativa de im\u00e1gene\u201ds<\/em>; autores\/as: Mar\u00eda Asunci\u00f3n Vicente Ripoll, C\u00e9sar Fern\u00e1ndez Peris, Irene Carrillo Murcia, Mercedes Guilabert Mora; publicaci\u00f3n en libro de res\u00famenes (EGREGIUS Ediciones, pp. 24\u201325, ISBN 978-84-1177-099-6) y difusi\u00f3n en acceso abierto (resumen y v\u00eddeo).<\/li>\n<li>II Foro Transdisciplinar Foro Donna (Internacional, 7\u20138 de marzo de 2025): comunicaci\u00f3n oral titulada <em>\u201cPerpetuaci\u00f3n de estereotipos de g\u00e9nero en plataformas de IA generativa de im\u00e1genes: un an\u00e1lisis metodol\u00f3gico desde el Proyecto LENA\u201d;<\/em> autores\/as: Mar\u00eda Asunci\u00f3n Vicente Ripoll, C\u00e9sar Fern\u00e1ndez Peris; actas de EGREGIUS Ediciones (en prensa, prevista 31\/12\/2025) y difusi\u00f3n en acceso abierto.<\/li>\n<li>ICON-EDU 2025 \u2013 4th International Congress: Education and Knowledge (Internacional, 11\u201313 de junio de 2025): comunicaci\u00f3n oral titulada <em>\u201cProyecto LENA: Desvelando y mitigando los sesgos de g\u00e9nero en la generaci\u00f3n de im\u00e1genes por Inteligencia Artificial\u201d<\/em>; autores\/as: Mar\u00eda Asunci\u00f3n Vicente Ripoll, C\u00e9sar Fern\u00e1ndez Peris; publicaci\u00f3n en libro de actas (Ediciones Octaedro, ISBN 978-84-1079-144-2)<\/li>\n<li>EDULEARN25 \u2013 17th International Conference on Education and New Learning Technologies (Internacional, 30 de junio \u2013 2 de julio de 2025): comunicaci\u00f3n escrita titulada \u201c<em>Addressing gender bias in generative AI platforms through the LENA Project\u201d<\/em>; autores\/as: Mar\u00eda Asunci\u00f3n Vicente, C\u00e9sar Fern\u00e1ndez, David Garc\u00eda-Torres; publicada en EDULEARN25 Proceedings (IATED, pp. 9473\u20139478, ISBN 978-84-09-74218-9, ISSN 2340-1117, DOI 10.21125\/edulearn.2025.2441).<\/li>\n<li>\u00a0Global Conference on Women\u2019s Studies (Copenhagen 2025) (Internacional, 25\u201327 de julio de 2025, Copenhague): comunicaci\u00f3n escrita y ponencia oral titulada \u201c<em>Interdisciplinary strategies to mitigate gender bias in AI-generated imagery\u201d<\/em>; autores\/as: Mar\u00eda Asunci\u00f3n Vicente, C\u00e9sar Fern\u00e1ndez, Rosario Carmona, Irene Carrillo, \u00c1ngela Coves, Mercedes Guilabert, Miguel O. Mart\u00ednez-Rach, Jos\u00e9 J. Mira, Victoria Soto, Eva Gil, Daniel Garc\u00eda-Torres, Almudena Arroyo, Mar\u00eda Calder\u00f3n; publicada en los Conference Proceedings (Dpublication).<\/li>\n<li>XVII Jornadas de Ingenier\u00eda Telem\u00e1tica (JITEL 2025) (Nacional, 12\u201314 de noviembre de 2025, C\u00e1ceres): poster titulado: <em>\u201cL\u00ednea de investigaci\u00f3n en \u201cAn\u00e1lisis del sesgo de g\u00e9nero en las herramientas de IA generativa\u201d. Grupo Lovelace\u2013LENA\u201d<\/em>; autores\/as: Mar\u00eda Asunci\u00f3n Vicente, C\u00e9sar Fern\u00e1ndez, Rosario Carmona Paredes, \u00c1ngela Coves Soler, Miguel Onofre Mart\u00ednez Rach, Jos\u00e9 Joaqu\u00edn Mira Solves, Victoria Soto Sanz, Eva Gil Hern\u00e1ndez, Almudena Arroyo Rodr\u00edguez, Mar\u00eda Calder\u00f3n Fern\u00e1ndez; publicaci\u00f3n en actas del congreso (Universidad de Extremadura).<\/li>\n<li>Jornadas Psicolog\u00eda 4.0: Innovaci\u00f3n y aplicaciones de la IA en Psicolog\u00eda (UMH) (Nacional, 2 de diciembre de 2025, Elche): poster titulado \u201c<em>Prompts inclusivos como estrategia educativa para mitigar sesgos de g\u00e9nero en la generaci\u00f3n de im\u00e1genes por IA: Proyecto LENA\u201d<\/em>; autores\/as: Mar\u00eda Asunci\u00f3n Vicente, C\u00e9sar Fern\u00e1ndez, Rosario Carmona Paredes, \u00c1ngela Coves Soler, Miguel Onofre Mart\u00ednez Rach, Jos\u00e9 Joaqu\u00edn Mira Solves, Victoria Soto Sanz, Eva Gil Hern\u00e1ndez, Almudena Arroyo Rodr\u00edguez, Mar\u00eda Calder\u00f3n Fern\u00e1ndez; publicaci\u00f3n en actas del congreso (Universidad Miguel Hern\u00e1ndez).<\/li>\n<\/ul>\n<p>[\/et_pb_text][\/et_pb_column][\/et_pb_row][\/et_pb_section]<\/p>\n","protected":false},"excerpt":{"rendered":"<p>PublicacionesCap\u00edtulos de Libro En el marco del proyecto LENA se han generado tres publicaciones cient\u00edficas, todas ellas en forma de cap\u00edtulos de libro, directamente alineadas con los objetivos del proyecto y centradas en el an\u00e1lisis cr\u00edtico y la mitigaci\u00f3n de los sesgos de g\u00e9nero en sistemas de inteligencia artificial generativa. A continuaci\u00f3n, se presenta la [&hellip;]<\/p>\n","protected":false},"author":1676,"featured_media":0,"parent":0,"menu_order":0,"comment_status":"closed","ping_status":"closed","template":"","meta":{"_et_pb_use_builder":"on","_et_pb_old_content":"","_et_gb_content_width":"","_links_to":"","_links_to_target":""},"_links":{"self":[{"href":"https:\/\/lena.umh.es\/ca\/wp-json\/wp\/v2\/pages\/197"}],"collection":[{"href":"https:\/\/lena.umh.es\/ca\/wp-json\/wp\/v2\/pages"}],"about":[{"href":"https:\/\/lena.umh.es\/ca\/wp-json\/wp\/v2\/types\/page"}],"author":[{"embeddable":true,"href":"https:\/\/lena.umh.es\/ca\/wp-json\/wp\/v2\/users\/1676"}],"replies":[{"embeddable":true,"href":"https:\/\/lena.umh.es\/ca\/wp-json\/wp\/v2\/comments?post=197"}],"version-history":[{"count":0,"href":"https:\/\/lena.umh.es\/ca\/wp-json\/wp\/v2\/pages\/197\/revisions"}],"wp:attachment":[{"href":"https:\/\/lena.umh.es\/ca\/wp-json\/wp\/v2\/media?parent=197"}],"curies":[{"name":"wp","href":"https:\/\/api.w.org\/{rel}","templated":true}]}}